{"id":1836,"date":"2026-03-25T01:05:39","date_gmt":"2026-03-25T00:05:39","guid":{"rendered":"https:\/\/bs-design.store\/?product=set-signature-chic"},"modified":"2026-03-25T01:05:40","modified_gmt":"2026-03-25T00:05:40","slug":"set-signature-chic","status":"publish","type":"product","link":"https:\/\/bs-design.store\/?product=set-signature-chic","title":{"rendered":"Set Signature Chic"},"content":{"rendered":"<p>Apportez une touche de raffinement et de s\u00e9r\u00e9nit\u00e9 \u00e0 votre int\u00e9rieur avec notre Pack Signature . Un ensemble d\u00e9coratif soigneusement compos\u00e9 pour cr\u00e9er une atmosph\u00e8re chaleureuse, apaisante et moderne.<\/p>\n<p>\ud83d\udd6f\ufe0f Composition du pack :<\/p>\n<p>1 plateau d\u00e9coratif textur\u00e9<\/p>\n<p>1 vase blanc ondul\u00e9<\/p>\n<p>1 pot d\u00e9coratif avec couvercle<\/p>\n<p>1 bougeoir en forme de fleurs<\/p>\n<p>Chaque \u00e9l\u00e9ment est pens\u00e9 pour s\u2019harmoniser parfaitement et sublimer votre espace.<\/p>\n","protected":false},"excerpt":{"rendered":"<p>Apportez une touche de raffinement et de s\u00e9r\u00e9nit\u00e9 \u00e0 votre int\u00e9rieur avec notre Pack Signature . Un ensemble d\u00e9coratif soigneusement compos\u00e9 pour cr\u00e9er une atmosph\u00e8re chaleureuse, apaisante et moderne. \ud83d\udd6f\ufe0f Composition du pack : 1 plateau d\u00e9coratif textur\u00e9 1 vase blanc ondul\u00e9 1 pot d\u00e9coratif avec couvercle 1 bougeoir en forme de fleurs Chaque \u00e9l\u00e9ment [&hellip;]<\/p>\n","protected":false},"featured_media":1835,"comment_status":"open","ping_status":"closed","template":"","meta":{"_kadence_starter_templates_imported_post":false},"product_brand":[],"product_cat":[25],"product_tag":[],"class_list":{"0":"post-1836","1":"product","2":"type-product","3":"status-publish","4":"has-post-thumbnail","6":"product_cat-objetdedeco","8":"first","9":"instock","10":"taxable","11":"shipping-taxable","12":"purchasable","13":"product-type-simple"},"jetpack_sharing_enabled":true,"_links":{"self":[{"href":"https:\/\/bs-design.store\/index.php?rest_route=\/wp\/v2\/product\/1836","targetHints":{"allow":["GET"]}}],"collection":[{"href":"https:\/\/bs-design.store\/index.php?rest_route=\/wp\/v2\/product"}],"about":[{"href":"https:\/\/bs-design.store\/index.php?rest_route=\/wp\/v2\/types\/product"}],"replies":[{"embeddable":true,"href":"https:\/\/bs-design.store\/index.php?rest_route=%2Fwp%2Fv2%2Fcomments&post=1836"}],"wp:featuredmedia":[{"embeddable":true,"href":"https:\/\/bs-design.store\/index.php?rest_route=\/wp\/v2\/media\/1835"}],"wp:attachment":[{"href":"https:\/\/bs-design.store\/index.php?rest_route=%2Fwp%2Fv2%2Fmedia&parent=1836"}],"wp:term":[{"taxonomy":"product_brand","embeddable":true,"href":"https:\/\/bs-design.store\/index.php?rest_route=%2Fwp%2Fv2%2Fproduct_brand&post=1836"},{"taxonomy":"product_cat","embeddable":true,"href":"https:\/\/bs-design.store\/index.php?rest_route=%2Fwp%2Fv2%2Fproduct_cat&post=1836"},{"taxonomy":"product_tag","embeddable":true,"href":"https:\/\/bs-design.store\/index.php?rest_route=%2Fwp%2Fv2%2Fproduct_tag&post=1836"}],"curies":[{"name":"wp","href":"https:\/\/api.w.org\/{rel}","templated":true}]}}