{"id":1884,"date":"2026-03-25T02:37:25","date_gmt":"2026-03-25T01:37:25","guid":{"rendered":"https:\/\/bs-design.store\/?product=chic-vagues"},"modified":"2026-04-01T23:14:32","modified_gmt":"2026-04-01T21:14:32","slug":"chic-vagues","status":"publish","type":"product","link":"https:\/\/bs-design.store\/?product=chic-vagues","title":{"rendered":"Chic Vagues"},"content":{"rendered":"<p>Apportez une touche d\u2019\u00e9l\u00e9gance \u00e0 votre int\u00e9rieur avec nos plateaux d\u00e9coratifs au design moderne et \u00e9pur\u00e9.<\/p>\n<p>\ud83d\udd6f\ufe0f <strong>Utilisation :<\/strong> parfaits pour bougies, parfums, bijoux ou accessoires<\/p>\n<p>\ud83c\udf3f <strong>Style :<\/strong> minimaliste, chic et tendance<\/p>\n<p>\ud83d\udcab <strong>Avantages :<\/strong><\/p>\n<p>\u2022\tId\u00e9al pour organiser avec style<\/p>\n<p>\u2022\tSublime vos espaces (table, commode, salle de bain)<\/p>\n<p>\u2022\tFacile \u00e0 int\u00e9grer dans tous types de d\u00e9co<\/p>\n<p>\u2022\tRobuste et durable<\/p>\n<p>Un indispensable pour une d\u00e9coration harmonieuse et raffin\u00e9e \ud83e\udd0d<\/p>\n","protected":false},"excerpt":{"rendered":"<p>Apportez une touche d\u2019\u00e9l\u00e9gance \u00e0 votre int\u00e9rieur avec nos plateaux d\u00e9coratifs au design moderne et \u00e9pur\u00e9. \ud83d\udd6f\ufe0f Utilisation : parfaits pour bougies, parfums, bijoux ou accessoires \ud83c\udf3f Style : minimaliste, chic et tendance \ud83d\udcab Avantages : \u2022 Id\u00e9al pour organiser avec style \u2022 Sublime vos espaces (table, commode, salle de bain) \u2022 Facile \u00e0 int\u00e9grer [&hellip;]<\/p>\n","protected":false},"featured_media":2068,"comment_status":"open","ping_status":"closed","template":"","meta":{"_kadence_starter_templates_imported_post":false},"product_brand":[],"product_cat":[25],"product_tag":[],"class_list":{"0":"post-1884","1":"product","2":"type-product","3":"status-publish","4":"has-post-thumbnail","6":"product_cat-objetdedeco","8":"first","9":"instock","10":"taxable","11":"shipping-taxable","12":"purchasable","13":"product-type-simple"},"jetpack_sharing_enabled":true,"_links":{"self":[{"href":"https:\/\/bs-design.store\/index.php?rest_route=\/wp\/v2\/product\/1884","targetHints":{"allow":["GET"]}}],"collection":[{"href":"https:\/\/bs-design.store\/index.php?rest_route=\/wp\/v2\/product"}],"about":[{"href":"https:\/\/bs-design.store\/index.php?rest_route=\/wp\/v2\/types\/product"}],"replies":[{"embeddable":true,"href":"https:\/\/bs-design.store\/index.php?rest_route=%2Fwp%2Fv2%2Fcomments&post=1884"}],"wp:featuredmedia":[{"embeddable":true,"href":"https:\/\/bs-design.store\/index.php?rest_route=\/wp\/v2\/media\/2068"}],"wp:attachment":[{"href":"https:\/\/bs-design.store\/index.php?rest_route=%2Fwp%2Fv2%2Fmedia&parent=1884"}],"wp:term":[{"taxonomy":"product_brand","embeddable":true,"href":"https:\/\/bs-design.store\/index.php?rest_route=%2Fwp%2Fv2%2Fproduct_brand&post=1884"},{"taxonomy":"product_cat","embeddable":true,"href":"https:\/\/bs-design.store\/index.php?rest_route=%2Fwp%2Fv2%2Fproduct_cat&post=1884"},{"taxonomy":"product_tag","embeddable":true,"href":"https:\/\/bs-design.store\/index.php?rest_route=%2Fwp%2Fv2%2Fproduct_tag&post=1884"}],"curies":[{"name":"wp","href":"https:\/\/api.w.org\/{rel}","templated":true}]}}