{"id":1916,"date":"2026-03-25T16:19:18","date_gmt":"2026-03-25T15:19:18","guid":{"rendered":"https:\/\/bs-design.store\/?product=pack-elegance"},"modified":"2026-03-28T17:44:54","modified_gmt":"2026-03-28T16:44:54","slug":"pack-elegance","status":"publish","type":"product","link":"https:\/\/bs-design.store\/?product=pack-elegance","title":{"rendered":"Pack \u00c9l\u00e9gance"},"content":{"rendered":"<p>C&rsquo;est \u2728 Description produit (site)<\/p>\n<p>Offrez ou offrez-vous un moment d\u2019\u00e9l\u00e9gance avec notre Pack \u00c9l\u00e9gance une composition raffin\u00e9e aux touches blanches et dor\u00e9es qui incarne le luxe et la douceur.<\/p>\n<p>Ce plateau d\u00e9coratif soigneusement con\u00e7u associe des \u00e9l\u00e9ments modernes et romantiques pour sublimer votre int\u00e9rieur ou faire un cadeau inoubliable. Chaque d\u00e9tail, du dor\u00e9 d\u00e9licat aux finitions lisses, apporte une ambiance chic et chaleureuse.<\/p>\n<p>Parfait pour une chambre, un salon ou comme id\u00e9e cadeau pour une occasion sp\u00e9ciale, ce pack allie esth\u00e9tique et originalit\u00e9.<\/p>\n<p>\u2728 Contenu du pack :<\/p>\n<p>Plateau d\u00e9coratif<\/p>\n<p>Bougie parfum\u00e9e<\/p>\n<p>Pot d\u00e9coratif avec couvercle<\/p>\n<p>Pot cuill\u00e8re<\/p>\n<p>Plateau Pot Pourries<\/p>\n<p>Encensoir personnalis\u00e9e<\/p>\n<p>Support personnalis\u00e9 (id\u00e9al pour pr\u00e9noms)<\/p>\n<p>Accessoires d\u00e9coratifs (cuill\u00e8re, huile , charbon\u2026)<\/p>\n<p>\u2728 Les + du produit :<\/p>\n<p>Design luxueux blanc &amp; or<\/p>\n<p>Finition lisse et haut de gamme<\/p>\n<p>Id\u00e9al pour cadeau (mariage, anniversaire,\u2026)<\/p>\n<p>Possibilit\u00e9 de personnalisation<\/p>\n<p>D\u00e9coration tendance et pr\u00eate \u00e0 offrir<\/p>\n<p>Un pack qui transforme chaque espace en un coin chic et raffin\u00e9 \ud83e\udd0d\u2728<\/p>\n","protected":false},"excerpt":{"rendered":"<p>C&rsquo;est \u2728 Description produit (site) Offrez ou offrez-vous un moment d\u2019\u00e9l\u00e9gance avec notre Pack \u00c9l\u00e9gance une composition raffin\u00e9e aux touches blanches et dor\u00e9es qui incarne le luxe et la douceur. Ce plateau d\u00e9coratif soigneusement con\u00e7u associe des \u00e9l\u00e9ments modernes et romantiques pour sublimer votre int\u00e9rieur ou faire un cadeau inoubliable. Chaque d\u00e9tail, du dor\u00e9 d\u00e9licat [&hellip;]<\/p>\n","protected":false},"featured_media":1914,"comment_status":"open","ping_status":"closed","template":"","meta":{"_kadence_starter_templates_imported_post":false},"product_brand":[],"product_cat":[26],"product_tag":[],"class_list":{"0":"post-1916","1":"product","2":"type-product","3":"status-publish","4":"has-post-thumbnail","6":"product_cat-plateausenteur","8":"first","9":"instock","10":"taxable","11":"shipping-taxable","12":"purchasable","13":"product-type-simple"},"jetpack_sharing_enabled":true,"_links":{"self":[{"href":"https:\/\/bs-design.store\/index.php?rest_route=\/wp\/v2\/product\/1916","targetHints":{"allow":["GET"]}}],"collection":[{"href":"https:\/\/bs-design.store\/index.php?rest_route=\/wp\/v2\/product"}],"about":[{"href":"https:\/\/bs-design.store\/index.php?rest_route=\/wp\/v2\/types\/product"}],"replies":[{"embeddable":true,"href":"https:\/\/bs-design.store\/index.php?rest_route=%2Fwp%2Fv2%2Fcomments&post=1916"}],"wp:featuredmedia":[{"embeddable":true,"href":"https:\/\/bs-design.store\/index.php?rest_route=\/wp\/v2\/media\/1914"}],"wp:attachment":[{"href":"https:\/\/bs-design.store\/index.php?rest_route=%2Fwp%2Fv2%2Fmedia&parent=1916"}],"wp:term":[{"taxonomy":"product_brand","embeddable":true,"href":"https:\/\/bs-design.store\/index.php?rest_route=%2Fwp%2Fv2%2Fproduct_brand&post=1916"},{"taxonomy":"product_cat","embeddable":true,"href":"https:\/\/bs-design.store\/index.php?rest_route=%2Fwp%2Fv2%2Fproduct_cat&post=1916"},{"taxonomy":"product_tag","embeddable":true,"href":"https:\/\/bs-design.store\/index.php?rest_route=%2Fwp%2Fv2%2Fproduct_tag&post=1916"}],"curies":[{"name":"wp","href":"https:\/\/api.w.org\/{rel}","templated":true}]}}