{"id":1955,"date":"2026-03-28T16:00:59","date_gmt":"2026-03-28T15:00:59","guid":{"rendered":"https:\/\/bs-design.store\/?product=plateaux-senteurs-complet"},"modified":"2026-03-30T20:42:20","modified_gmt":"2026-03-30T18:42:20","slug":"plateaux-senteurs-complet","status":"publish","type":"product","link":"https:\/\/bs-design.store\/?product=plateaux-senteurs-complet","title":{"rendered":"Plateaux Senteurs complet"},"content":{"rendered":"<p>\ud83d\udcdd<\/p>\n<p>Description :<\/p>\n<p>Apportez une touche d\u2019\u00e9l\u00e9gance et de raffinement \u00e0 votre int\u00e9rieur avec notre plateau senteur Prestige Gold. Con\u00e7u avec soin, ce plateau allie modernit\u00e9 et tradition pour cr\u00e9er une ambiance chaleureuse et apaisante.<\/p>\n<p>Compos\u00e9 d\u2019un encensoir d\u00e9coratif, d\u2019un support personnalis\u00e9, d\u2019un br\u00fbleur, de charbon et d\u2019\u00e9l\u00e9ments parfum\u00e9s, il est id\u00e9al pour parfumer votre espace tout en sublimant votre d\u00e9coration.<\/p>\n<p>Ses finitions blanches et dor\u00e9es offrent un rendu chic et luxueux, parfait pour offrir ou pour se faire plaisir.<\/p>\n<p>\ud83d\udc9b Avantages :<\/p>\n<p>Cr\u00e9e une ambiance relaxante et parfum\u00e9e<\/p>\n<p>Objet d\u00e9coratif \u00e9l\u00e9gant<\/p>\n<p>Id\u00e9al comme cadeau<\/p>\n<p>Finition premium fait main<\/p>\n","protected":false},"excerpt":{"rendered":"<p>\ud83d\udcdd Description : Apportez une touche d\u2019\u00e9l\u00e9gance et de raffinement \u00e0 votre int\u00e9rieur avec notre plateau senteur Prestige Gold. Con\u00e7u avec soin, ce plateau allie modernit\u00e9 et tradition pour cr\u00e9er une ambiance chaleureuse et apaisante. Compos\u00e9 d\u2019un encensoir d\u00e9coratif, d\u2019un support personnalis\u00e9, d\u2019un br\u00fbleur, de charbon et d\u2019\u00e9l\u00e9ments parfum\u00e9s, il est id\u00e9al pour parfumer votre [&hellip;]<\/p>\n","protected":false},"featured_media":1951,"comment_status":"open","ping_status":"closed","template":"","meta":{"_kadence_starter_templates_imported_post":false},"product_brand":[],"product_cat":[26],"product_tag":[],"class_list":{"0":"post-1955","1":"product","2":"type-product","3":"status-publish","4":"has-post-thumbnail","6":"product_cat-plateausenteur","8":"first","9":"instock","10":"sale","11":"taxable","12":"shipping-taxable","13":"purchasable","14":"product-type-simple"},"jetpack_sharing_enabled":true,"_links":{"self":[{"href":"https:\/\/bs-design.store\/index.php?rest_route=\/wp\/v2\/product\/1955","targetHints":{"allow":["GET"]}}],"collection":[{"href":"https:\/\/bs-design.store\/index.php?rest_route=\/wp\/v2\/product"}],"about":[{"href":"https:\/\/bs-design.store\/index.php?rest_route=\/wp\/v2\/types\/product"}],"replies":[{"embeddable":true,"href":"https:\/\/bs-design.store\/index.php?rest_route=%2Fwp%2Fv2%2Fcomments&post=1955"}],"wp:featuredmedia":[{"embeddable":true,"href":"https:\/\/bs-design.store\/index.php?rest_route=\/wp\/v2\/media\/1951"}],"wp:attachment":[{"href":"https:\/\/bs-design.store\/index.php?rest_route=%2Fwp%2Fv2%2Fmedia&parent=1955"}],"wp:term":[{"taxonomy":"product_brand","embeddable":true,"href":"https:\/\/bs-design.store\/index.php?rest_route=%2Fwp%2Fv2%2Fproduct_brand&post=1955"},{"taxonomy":"product_cat","embeddable":true,"href":"https:\/\/bs-design.store\/index.php?rest_route=%2Fwp%2Fv2%2Fproduct_cat&post=1955"},{"taxonomy":"product_tag","embeddable":true,"href":"https:\/\/bs-design.store\/index.php?rest_route=%2Fwp%2Fv2%2Fproduct_tag&post=1955"}],"curies":[{"name":"wp","href":"https:\/\/api.w.org\/{rel}","templated":true}]}}