{"id":1989,"date":"2026-03-28T18:04:06","date_gmt":"2026-03-28T17:04:06","guid":{"rendered":"https:\/\/bs-design.store\/?product=aura-gold"},"modified":"2026-04-02T22:34:58","modified_gmt":"2026-04-02T20:34:58","slug":"aura-gold","status":"publish","type":"product","link":"https:\/\/bs-design.store\/?product=aura-gold","title":{"rendered":"Aura Gold"},"content":{"rendered":"<p>Apportez une touche d\u2019\u00e9l\u00e9gance et de raffinement \u00e0 votre int\u00e9rieur avec le plateau Aura Gold  \u2728<\/p>\n<p>Compos\u00e9 d\u2019\u00e9l\u00e9ments d\u00e9coratifs en blanc sublim\u00e9s par des finitions dor\u00e9es, ce coffret cr\u00e9e une ambiance chaleureuse, chic et apaisante. Id\u00e9al pour parfumer votre espace ou offrir un cadeau unique et pr\u00e9cieux.<\/p>\n<p>\ud83d\udcab Parfait pour :<\/p>\n<p>d\u00e9coration de salon ou chambre<\/p>\n<p>moments de d\u00e9tente avec encens ou bougie<\/p>\n<p>id\u00e9e cadeau \u00e9l\u00e9gante et originale<\/p>\n<p>\u2728 Les + du produit :<\/p>\n<p>Design moderne et luxueux<\/p>\n<p>Finitions dor\u00e9es brillantes<\/p>\n<p>Ambiance cocooning et parfum\u00e9e<\/p>\n<p>Fabrication artisanale<\/p>\n<p>Composition<\/p>\n<p>1 plateau<\/p>\n<p>1 pot pour encens<\/p>\n<p>1 pot de fleur + fleurs<\/p>\n<p>1 bougeoir<\/p>\n<p>1 encensoir personnalis\u00e9e<\/p>\n<p>1 cuill\u00e8re ou pince<\/p>\n","protected":false},"excerpt":{"rendered":"<p>Apportez une touche d\u2019\u00e9l\u00e9gance et de raffinement \u00e0 votre int\u00e9rieur avec le plateau Aura Gold \u2728 Compos\u00e9 d\u2019\u00e9l\u00e9ments d\u00e9coratifs en blanc sublim\u00e9s par des finitions dor\u00e9es, ce coffret cr\u00e9e une ambiance chaleureuse, chic et apaisante. Id\u00e9al pour parfumer votre espace ou offrir un cadeau unique et pr\u00e9cieux. \ud83d\udcab Parfait pour : d\u00e9coration de salon ou [&hellip;]<\/p>\n","protected":false},"featured_media":1988,"comment_status":"open","ping_status":"closed","template":"","meta":{"_kadence_starter_templates_imported_post":false},"product_brand":[],"product_cat":[26],"product_tag":[],"class_list":{"0":"post-1989","1":"product","2":"type-product","3":"status-publish","4":"has-post-thumbnail","6":"product_cat-plateausenteur","8":"first","9":"instock","10":"taxable","11":"shipping-taxable","12":"purchasable","13":"product-type-simple"},"jetpack_sharing_enabled":true,"_links":{"self":[{"href":"https:\/\/bs-design.store\/index.php?rest_route=\/wp\/v2\/product\/1989","targetHints":{"allow":["GET"]}}],"collection":[{"href":"https:\/\/bs-design.store\/index.php?rest_route=\/wp\/v2\/product"}],"about":[{"href":"https:\/\/bs-design.store\/index.php?rest_route=\/wp\/v2\/types\/product"}],"replies":[{"embeddable":true,"href":"https:\/\/bs-design.store\/index.php?rest_route=%2Fwp%2Fv2%2Fcomments&post=1989"}],"wp:featuredmedia":[{"embeddable":true,"href":"https:\/\/bs-design.store\/index.php?rest_route=\/wp\/v2\/media\/1988"}],"wp:attachment":[{"href":"https:\/\/bs-design.store\/index.php?rest_route=%2Fwp%2Fv2%2Fmedia&parent=1989"}],"wp:term":[{"taxonomy":"product_brand","embeddable":true,"href":"https:\/\/bs-design.store\/index.php?rest_route=%2Fwp%2Fv2%2Fproduct_brand&post=1989"},{"taxonomy":"product_cat","embeddable":true,"href":"https:\/\/bs-design.store\/index.php?rest_route=%2Fwp%2Fv2%2Fproduct_cat&post=1989"},{"taxonomy":"product_tag","embeddable":true,"href":"https:\/\/bs-design.store\/index.php?rest_route=%2Fwp%2Fv2%2Fproduct_tag&post=1989"}],"curies":[{"name":"wp","href":"https:\/\/api.w.org\/{rel}","templated":true}]}}