{"id":2059,"date":"2026-03-29T16:20:12","date_gmt":"2026-03-29T14:20:12","guid":{"rendered":"https:\/\/bs-design.store\/?product=duo-noir-signature"},"modified":"2026-03-29T16:22:42","modified_gmt":"2026-03-29T14:22:42","slug":"duo-noir-signature","status":"publish","type":"product","link":"https:\/\/bs-design.store\/?product=duo-noir-signature","title":{"rendered":"Trio Signature"},"content":{"rendered":"<p>Apportez du caract\u00e8re et une touche contemporaine \u00e0 votre int\u00e9rieur avec le Duo Noir Signature.<\/p>\n<p>Ce set raffin\u00e9 associe un coquillage d\u00e9coratif noir mat \u00e0 un vase textur\u00e9 \u00e9l\u00e9gant, cr\u00e9ant un contraste subtil et sophistiqu\u00e9 avec les tons naturels.<\/p>\n<p>Pens\u00e9 pour sublimer vos espaces, il s\u2019int\u00e8gre parfaitement sur une table, une console ou un plateau d\u00e9coratif. Une pi\u00e8ce forte pour une d\u00e9coration moderne, chic et intemporelle.<\/p>\n<p>D\u00e9tails :<\/p>\n<p>Ensemble de 2 pi\u00e8ces (coquillage + vase sans fleurs )<\/p>\n<p>Plateau blanc<\/p>\n<p>Finition noir mat \u00e9l\u00e9gante<\/p>\n<p>Style moderne &amp; minimaliste<\/p>\n<p>Id\u00e9al pour d\u00e9co int\u00e9rieure ou cadeau<\/p>\n","protected":false},"excerpt":{"rendered":"<p>Apportez du caract\u00e8re et une touche contemporaine \u00e0 votre int\u00e9rieur avec le Duo Noir Signature. Ce set raffin\u00e9 associe un coquillage d\u00e9coratif noir mat \u00e0 un vase textur\u00e9 \u00e9l\u00e9gant, cr\u00e9ant un contraste subtil et sophistiqu\u00e9 avec les tons naturels. Pens\u00e9 pour sublimer vos espaces, il s\u2019int\u00e8gre parfaitement sur une table, une console ou un plateau [&hellip;]<\/p>\n","protected":false},"featured_media":2058,"comment_status":"open","ping_status":"closed","template":"","meta":{"_kadence_starter_templates_imported_post":false},"product_brand":[],"product_cat":[25],"product_tag":[],"class_list":{"0":"post-2059","1":"product","2":"type-product","3":"status-publish","4":"has-post-thumbnail","6":"product_cat-objetdedeco","8":"first","9":"instock","10":"taxable","11":"shipping-taxable","12":"purchasable","13":"product-type-simple"},"jetpack_sharing_enabled":true,"_links":{"self":[{"href":"https:\/\/bs-design.store\/index.php?rest_route=\/wp\/v2\/product\/2059","targetHints":{"allow":["GET"]}}],"collection":[{"href":"https:\/\/bs-design.store\/index.php?rest_route=\/wp\/v2\/product"}],"about":[{"href":"https:\/\/bs-design.store\/index.php?rest_route=\/wp\/v2\/types\/product"}],"replies":[{"embeddable":true,"href":"https:\/\/bs-design.store\/index.php?rest_route=%2Fwp%2Fv2%2Fcomments&post=2059"}],"wp:featuredmedia":[{"embeddable":true,"href":"https:\/\/bs-design.store\/index.php?rest_route=\/wp\/v2\/media\/2058"}],"wp:attachment":[{"href":"https:\/\/bs-design.store\/index.php?rest_route=%2Fwp%2Fv2%2Fmedia&parent=2059"}],"wp:term":[{"taxonomy":"product_brand","embeddable":true,"href":"https:\/\/bs-design.store\/index.php?rest_route=%2Fwp%2Fv2%2Fproduct_brand&post=2059"},{"taxonomy":"product_cat","embeddable":true,"href":"https:\/\/bs-design.store\/index.php?rest_route=%2Fwp%2Fv2%2Fproduct_cat&post=2059"},{"taxonomy":"product_tag","embeddable":true,"href":"https:\/\/bs-design.store\/index.php?rest_route=%2Fwp%2Fv2%2Fproduct_tag&post=2059"}],"curies":[{"name":"wp","href":"https:\/\/api.w.org\/{rel}","templated":true}]}}