{"id":2098,"date":"2026-03-30T18:06:03","date_gmt":"2026-03-30T16:06:03","guid":{"rendered":"https:\/\/bs-design.store\/?post_type=product&#038;p=2098"},"modified":"2026-03-30T18:15:18","modified_gmt":"2026-03-30T16:15:18","slug":"produit","status":"publish","type":"product","link":"https:\/\/bs-design.store\/?product=produit","title":{"rendered":"\u00c9clat Dor\u00e9"},"content":{"rendered":"<p>Un ensemble d\u00e9coratif raffin\u00e9 qui incarne le luxe et la douceur \u00e0 travers un mariage harmonieux de blanc pur et de touches dor\u00e9es.<\/p>\n<p>Compos\u00e9 d\u2019\u00e9l\u00e9ments sculpt\u00e9s avec finesse, ce plateau met en valeur un univers \u00e9l\u00e9gant et apaisant, sublim\u00e9 par une bougie chaleureuse et un encensoir diffusant d\u00e9licatement son parfum.<\/p>\n<p>Parfait pour embellir un int\u00e9rieur, cr\u00e9er une ambiance cocooning ou offrir un cadeau d\u2019exception, cet ensemble apporte une touche chic et intemporelle \u00e0 chaque espace.<\/p>\n<p>\ud83d\udce6 Composition :<\/p>\n<p>1 plateau rond effet marbre<\/p>\n<p>1 pot d\u00e9coratif avec couvercle<\/p>\n<p>1 vase avec fleurs s\u00e9ch\u00e9es (pampa)<\/p>\n<p>1 pot avec pot pouris<\/p>\n<p>1 br\u00fbleur d\u2019encens<\/p>\n<p>1 bougie dans son support tress\u00e9<\/p>\n<p>1 statuette<\/p>\n<p>1 cuill\u00e8re dor\u00e9e d\u00e9corative<\/p>\n","protected":false},"excerpt":{"rendered":"<p>Un ensemble d\u00e9coratif raffin\u00e9 qui incarne le luxe et la douceur \u00e0 travers un mariage harmonieux de blanc pur et de touches dor\u00e9es. Compos\u00e9 d\u2019\u00e9l\u00e9ments sculpt\u00e9s avec finesse, ce plateau met en valeur un univers \u00e9l\u00e9gant et apaisant, sublim\u00e9 par une bougie chaleureuse et un encensoir diffusant d\u00e9licatement son parfum. Parfait pour embellir un int\u00e9rieur, [&hellip;]<\/p>\n","protected":false},"featured_media":2099,"comment_status":"open","ping_status":"closed","template":"","meta":{"_kadence_starter_templates_imported_post":false},"product_brand":[],"product_cat":[26],"product_tag":[],"class_list":{"0":"post-2098","1":"product","2":"type-product","3":"status-publish","4":"has-post-thumbnail","6":"product_cat-plateausenteur","8":"first","9":"instock","10":"sale","11":"taxable","12":"shipping-taxable","13":"purchasable","14":"product-type-simple"},"jetpack_sharing_enabled":true,"_links":{"self":[{"href":"https:\/\/bs-design.store\/index.php?rest_route=\/wp\/v2\/product\/2098","targetHints":{"allow":["GET"]}}],"collection":[{"href":"https:\/\/bs-design.store\/index.php?rest_route=\/wp\/v2\/product"}],"about":[{"href":"https:\/\/bs-design.store\/index.php?rest_route=\/wp\/v2\/types\/product"}],"replies":[{"embeddable":true,"href":"https:\/\/bs-design.store\/index.php?rest_route=%2Fwp%2Fv2%2Fcomments&post=2098"}],"wp:featuredmedia":[{"embeddable":true,"href":"https:\/\/bs-design.store\/index.php?rest_route=\/wp\/v2\/media\/2099"}],"wp:attachment":[{"href":"https:\/\/bs-design.store\/index.php?rest_route=%2Fwp%2Fv2%2Fmedia&parent=2098"}],"wp:term":[{"taxonomy":"product_brand","embeddable":true,"href":"https:\/\/bs-design.store\/index.php?rest_route=%2Fwp%2Fv2%2Fproduct_brand&post=2098"},{"taxonomy":"product_cat","embeddable":true,"href":"https:\/\/bs-design.store\/index.php?rest_route=%2Fwp%2Fv2%2Fproduct_cat&post=2098"},{"taxonomy":"product_tag","embeddable":true,"href":"https:\/\/bs-design.store\/index.php?rest_route=%2Fwp%2Fv2%2Fproduct_tag&post=2098"}],"curies":[{"name":"wp","href":"https:\/\/api.w.org\/{rel}","templated":true}]}}