{"id":2120,"date":"2026-03-30T18:53:23","date_gmt":"2026-03-30T16:53:23","guid":{"rendered":"https:\/\/bs-design.store\/?product=plateau-royal-black"},"modified":"2026-03-30T18:53:25","modified_gmt":"2026-03-30T16:53:25","slug":"plateau-royal-black","status":"publish","type":"product","link":"https:\/\/bs-design.store\/?product=plateau-royal-black","title":{"rendered":"Plateau Royal Black"},"content":{"rendered":"<p>Le Pack Royal Black incarne le prestige et l\u2019\u00e9l\u00e9gance dans sa forme la plus sophistiqu\u00e9e.<\/p>\n<p>Son design en noir profond sublim\u00e9 par des touches dor\u00e9es cr\u00e9e une ambiance luxueuse, moderne et intemporelle.<\/p>\n<p>Chaque \u00e9l\u00e9ment est soigneusement pens\u00e9 pour apporter du caract\u00e8re \u00e0 votre int\u00e9rieur, tout en conservant une harmonie \u00e9l\u00e9gante et apaisante. La bougie allum\u00e9e et les d\u00e9tails dor\u00e9s diffusent une atmosph\u00e8re chaleureuse, id\u00e9ale pour un espace chic et raffin\u00e9.<\/p>\n<p>Ce pack est parfait pour celles et ceux qui recherchent une d\u00e9coration distingu\u00e9e, originale .<\/p>\n<p>\ud83d\udce6<\/p>\n<p>Composition :<\/p>\n<p>1 plateau d\u00e9coratif noir<\/p>\n<p>1 vase dor\u00e9 avec fleurs d\u00e9coratives<\/p>\n<p>1 pot noir avec couvercle<\/p>\n<p>1 br\u00fbleur d\u2019encens avec couvercle dor\u00e9 personnalis\u00e9<\/p>\n<p>1 statue abstraite design<\/p>\n<p>1 bougie avec support textur\u00e9<\/p>\n<p>1 r\u00e9cipient d\u00e9coratif avec pot pourris<\/p>\n<p>1 cuill\u00e8re dor\u00e9e d\u00e9corative<\/p>\n","protected":false},"excerpt":{"rendered":"<p>Le Pack Royal Black incarne le prestige et l\u2019\u00e9l\u00e9gance dans sa forme la plus sophistiqu\u00e9e. Son design en noir profond sublim\u00e9 par des touches dor\u00e9es cr\u00e9e une ambiance luxueuse, moderne et intemporelle. Chaque \u00e9l\u00e9ment est soigneusement pens\u00e9 pour apporter du caract\u00e8re \u00e0 votre int\u00e9rieur, tout en conservant une harmonie \u00e9l\u00e9gante et apaisante. La bougie allum\u00e9e [&hellip;]<\/p>\n","protected":false},"featured_media":2119,"comment_status":"open","ping_status":"closed","template":"","meta":{"_kadence_starter_templates_imported_post":false},"product_brand":[],"product_cat":[26],"product_tag":[],"class_list":{"0":"post-2120","1":"product","2":"type-product","3":"status-publish","4":"has-post-thumbnail","6":"product_cat-plateausenteur","8":"first","9":"instock","10":"sale","11":"taxable","12":"shipping-taxable","13":"purchasable","14":"product-type-simple"},"jetpack_sharing_enabled":true,"_links":{"self":[{"href":"https:\/\/bs-design.store\/index.php?rest_route=\/wp\/v2\/product\/2120","targetHints":{"allow":["GET"]}}],"collection":[{"href":"https:\/\/bs-design.store\/index.php?rest_route=\/wp\/v2\/product"}],"about":[{"href":"https:\/\/bs-design.store\/index.php?rest_route=\/wp\/v2\/types\/product"}],"replies":[{"embeddable":true,"href":"https:\/\/bs-design.store\/index.php?rest_route=%2Fwp%2Fv2%2Fcomments&post=2120"}],"wp:featuredmedia":[{"embeddable":true,"href":"https:\/\/bs-design.store\/index.php?rest_route=\/wp\/v2\/media\/2119"}],"wp:attachment":[{"href":"https:\/\/bs-design.store\/index.php?rest_route=%2Fwp%2Fv2%2Fmedia&parent=2120"}],"wp:term":[{"taxonomy":"product_brand","embeddable":true,"href":"https:\/\/bs-design.store\/index.php?rest_route=%2Fwp%2Fv2%2Fproduct_brand&post=2120"},{"taxonomy":"product_cat","embeddable":true,"href":"https:\/\/bs-design.store\/index.php?rest_route=%2Fwp%2Fv2%2Fproduct_cat&post=2120"},{"taxonomy":"product_tag","embeddable":true,"href":"https:\/\/bs-design.store\/index.php?rest_route=%2Fwp%2Fv2%2Fproduct_tag&post=2120"}],"curies":[{"name":"wp","href":"https:\/\/api.w.org\/{rel}","templated":true}]}}