{"id":2201,"date":"2026-03-31T03:06:32","date_gmt":"2026-03-31T01:06:32","guid":{"rendered":"https:\/\/bs-design.store\/?product=plateau-luxe-noir-or-edition-prestige"},"modified":"2026-03-31T03:06:33","modified_gmt":"2026-03-31T01:06:33","slug":"plateau-luxe-noir-or-edition-prestige","status":"publish","type":"product","link":"https:\/\/bs-design.store\/?product=plateau-luxe-noir-or-edition-prestige","title":{"rendered":"Plateau Luxe Noir &amp; Or \u2013 \u00c9dition Prestige"},"content":{"rendered":"<p>Plongez dans l\u2019\u00e9l\u00e9gance absolue avec ce coffret d\u00e9coratif noir et dor\u00e9, symbole de raffinement et de caract\u00e8re. Son contraste intense entre le noir profond et les touches dor\u00e9es \u00e9clatantes apporte une allure luxueuse et moderne \u00e0 votre int\u00e9rieur.<\/p>\n<p>Ce coffret comprend :<\/p>\n<p>Un encensoir chic pour diffuser vos parfums pr\u00e9f\u00e9r\u00e9s<\/p>\n<p>Un pot d\u00e9coratif avec couvercle pour vos accessoires<\/p>\n<p>Un support avec vase et fleurs s\u00e9ch\u00e9es pour une touche artistique<\/p>\n<p>Une coupelle en forme de c\u0153ur avec cuill\u00e8re dor\u00e9e<\/p>\n<p>Un plateau design pour une pr\u00e9sentation \u00e9l\u00e9gante<\/p>\n<p>Un mini C\u0153ur personnalis\u00e9<\/p>\n<p>\ud83d\udc9b Chaque d\u00e9tail est pens\u00e9 pour offrir un rendu sophistiqu\u00e9 et attirer tous les regards.<\/p>\n<p>\ud83c\udf81 Id\u00e9al pour :<\/p>\n<p>Cadeau haut de gamme<\/p>\n<p>D\u00e9coration de salon ou chambre<\/p>\n<p>Ambiance chic et moderne<\/p>\n","protected":false},"excerpt":{"rendered":"<p>Plongez dans l\u2019\u00e9l\u00e9gance absolue avec ce coffret d\u00e9coratif noir et dor\u00e9, symbole de raffinement et de caract\u00e8re. Son contraste intense entre le noir profond et les touches dor\u00e9es \u00e9clatantes apporte une allure luxueuse et moderne \u00e0 votre int\u00e9rieur. Ce coffret comprend : Un encensoir chic pour diffuser vos parfums pr\u00e9f\u00e9r\u00e9s Un pot d\u00e9coratif avec couvercle [&hellip;]<\/p>\n","protected":false},"featured_media":2199,"comment_status":"open","ping_status":"closed","template":"","meta":{"_kadence_starter_templates_imported_post":false},"product_brand":[],"product_cat":[26],"product_tag":[],"class_list":{"0":"post-2201","1":"product","2":"type-product","3":"status-publish","4":"has-post-thumbnail","6":"product_cat-plateausenteur","8":"first","9":"instock","10":"taxable","11":"shipping-taxable","12":"purchasable","13":"product-type-simple"},"jetpack_sharing_enabled":true,"_links":{"self":[{"href":"https:\/\/bs-design.store\/index.php?rest_route=\/wp\/v2\/product\/2201","targetHints":{"allow":["GET"]}}],"collection":[{"href":"https:\/\/bs-design.store\/index.php?rest_route=\/wp\/v2\/product"}],"about":[{"href":"https:\/\/bs-design.store\/index.php?rest_route=\/wp\/v2\/types\/product"}],"replies":[{"embeddable":true,"href":"https:\/\/bs-design.store\/index.php?rest_route=%2Fwp%2Fv2%2Fcomments&post=2201"}],"wp:featuredmedia":[{"embeddable":true,"href":"https:\/\/bs-design.store\/index.php?rest_route=\/wp\/v2\/media\/2199"}],"wp:attachment":[{"href":"https:\/\/bs-design.store\/index.php?rest_route=%2Fwp%2Fv2%2Fmedia&parent=2201"}],"wp:term":[{"taxonomy":"product_brand","embeddable":true,"href":"https:\/\/bs-design.store\/index.php?rest_route=%2Fwp%2Fv2%2Fproduct_brand&post=2201"},{"taxonomy":"product_cat","embeddable":true,"href":"https:\/\/bs-design.store\/index.php?rest_route=%2Fwp%2Fv2%2Fproduct_cat&post=2201"},{"taxonomy":"product_tag","embeddable":true,"href":"https:\/\/bs-design.store\/index.php?rest_route=%2Fwp%2Fv2%2Fproduct_tag&post=2201"}],"curies":[{"name":"wp","href":"https:\/\/api.w.org\/{rel}","templated":true}]}}