{"id":2219,"date":"2026-03-31T05:04:34","date_gmt":"2026-03-31T03:04:34","guid":{"rendered":"https:\/\/bs-design.store\/?product=plateau-yaya-collection-jasmin"},"modified":"2026-03-31T05:04:35","modified_gmt":"2026-03-31T03:04:35","slug":"plateau-yaya-collection-jasmin","status":"publish","type":"product","link":"https:\/\/bs-design.store\/?product=plateau-yaya-collection-jasmin","title":{"rendered":"Plateau Yaya Collection Jasmin"},"content":{"rendered":"<p>Offrez ou sublimez votre int\u00e9rieur avec ce coffret d\u00e9coratif raffin\u00e9 au style chic et moderne.<\/p>\n<p>Ce magnifique plateau associe harmonieusement le blanc pur et les touches dor\u00e9es pour cr\u00e9er une ambiance \u00e9l\u00e9gante et apaisante. Chaque \u00e9l\u00e9ment a \u00e9t\u00e9 soigneusement s\u00e9lectionn\u00e9 pour apporter une note de luxe et de douceur \u00e0 votre espace.<\/p>\n<p>Id\u00e9al pour un cadeau distingu\u00e9 ou pour embellir votre salon, chambre ou coin d\u00e9tente, ce coffret est une v\u00e9ritable pi\u00e8ce d\u00e9corative qui attire le regard.<\/p>\n<p>\ud83d\udce6<\/p>\n<p>Composition du coffret :<\/p>\n<p>1 plateau d\u00e9coratif blanc<\/p>\n<p>1 encensoir personnalis\u00e9e avec couvercle dor\u00e9<\/p>\n<p>1 vase avec fleurs<\/p>\n<p>1 plateau d\u00e9coratif  avec pot pourris<\/p>\n<p>1 bougie parfum\u00e9e<\/p>\n<p>1 bo\u00eete de parfum (fid\u00e8le)<\/p>\n<p>1 charbon )<\/p>\n<p>1 cuill\u00e8re d\u00e9corative dor\u00e9e<\/p>\n<p>1 pot avec couvercle<\/p>\n<p>\ud83d\udc8e<\/p>\n<p>Points forts :<\/p>\n<p>Design \u00e9l\u00e9gant blanc &amp; or<\/p>\n<p>Id\u00e9e cadeau pr\u00eate \u00e0 offrir \ud83c\udf81<\/p>\n<p>Ambiance chaleureuse et luxueuse<\/p>\n<p>Parfait pour d\u00e9coration moderne<\/p>\n","protected":false},"excerpt":{"rendered":"<p>Offrez ou sublimez votre int\u00e9rieur avec ce coffret d\u00e9coratif raffin\u00e9 au style chic et moderne. Ce magnifique plateau associe harmonieusement le blanc pur et les touches dor\u00e9es pour cr\u00e9er une ambiance \u00e9l\u00e9gante et apaisante. Chaque \u00e9l\u00e9ment a \u00e9t\u00e9 soigneusement s\u00e9lectionn\u00e9 pour apporter une note de luxe et de douceur \u00e0 votre espace. Id\u00e9al pour un [&hellip;]<\/p>\n","protected":false},"featured_media":2218,"comment_status":"open","ping_status":"closed","template":"","meta":{"_kadence_starter_templates_imported_post":false},"product_brand":[],"product_cat":[26],"product_tag":[],"class_list":{"0":"post-2219","1":"product","2":"type-product","3":"status-publish","4":"has-post-thumbnail","6":"product_cat-plateausenteur","8":"first","9":"instock","10":"sale","11":"taxable","12":"shipping-taxable","13":"purchasable","14":"product-type-simple"},"jetpack_sharing_enabled":true,"_links":{"self":[{"href":"https:\/\/bs-design.store\/index.php?rest_route=\/wp\/v2\/product\/2219","targetHints":{"allow":["GET"]}}],"collection":[{"href":"https:\/\/bs-design.store\/index.php?rest_route=\/wp\/v2\/product"}],"about":[{"href":"https:\/\/bs-design.store\/index.php?rest_route=\/wp\/v2\/types\/product"}],"replies":[{"embeddable":true,"href":"https:\/\/bs-design.store\/index.php?rest_route=%2Fwp%2Fv2%2Fcomments&post=2219"}],"wp:featuredmedia":[{"embeddable":true,"href":"https:\/\/bs-design.store\/index.php?rest_route=\/wp\/v2\/media\/2218"}],"wp:attachment":[{"href":"https:\/\/bs-design.store\/index.php?rest_route=%2Fwp%2Fv2%2Fmedia&parent=2219"}],"wp:term":[{"taxonomy":"product_brand","embeddable":true,"href":"https:\/\/bs-design.store\/index.php?rest_route=%2Fwp%2Fv2%2Fproduct_brand&post=2219"},{"taxonomy":"product_cat","embeddable":true,"href":"https:\/\/bs-design.store\/index.php?rest_route=%2Fwp%2Fv2%2Fproduct_cat&post=2219"},{"taxonomy":"product_tag","embeddable":true,"href":"https:\/\/bs-design.store\/index.php?rest_route=%2Fwp%2Fv2%2Fproduct_tag&post=2219"}],"curies":[{"name":"wp","href":"https:\/\/api.w.org\/{rel}","templated":true}]}}